{"id":76,"date":"2023-12-10T21:12:07","date_gmt":"2023-12-11T00:12:07","guid":{"rendered":"https:\/\/jophed.com.br\/?page_id=76"},"modified":"2023-12-10T22:13:39","modified_gmt":"2023-12-11T01:13:39","slug":"historia-2","status":"publish","type":"page","link":"https:\/\/jophed.com.br\/?page_id=76","title":{"rendered":"Hist\u00f3ria"},"content":{"rendered":"\t\t<div data-elementor-type=\"wp-page\" data-elementor-id=\"76\" class=\"elementor elementor-76\">\n\t\t\t\t\t\t\t<div class=\"elementor-element elementor-element-eea2afe e-con-full e-flex e-con e-parent\" data-id=\"eea2afe\" data-element_type=\"container\" data-settings=\"{&quot;content_width&quot;:&quot;full&quot;,&quot;background_background&quot;:&quot;classic&quot;}\" data-core-v316-plus=\"true\">\n\t\t\t\t<div class=\"elementor-element elementor-element-6b4b7fb exad-sticky-section-no exad-glass-effect-no jltma-glass-effect-no elementor-widget elementor-widget-text-editor\" data-id=\"6b4b7fb\" data-element_type=\"widget\" data-widget_type=\"text-editor.default\">\n\t\t\t\t<div class=\"elementor-widget-container\">\n\t\t\t<style>\/*! elementor - v3.18.0 - 08-12-2023 *\/\n.elementor-widget-text-editor.elementor-drop-cap-view-stacked .elementor-drop-cap{background-color:#69727d;color:#fff}.elementor-widget-text-editor.elementor-drop-cap-view-framed .elementor-drop-cap{color:#69727d;border:3px solid;background-color:transparent}.elementor-widget-text-editor:not(.elementor-drop-cap-view-default) .elementor-drop-cap{margin-top:8px}.elementor-widget-text-editor:not(.elementor-drop-cap-view-default) .elementor-drop-cap-letter{width:1em;height:1em}.elementor-widget-text-editor .elementor-drop-cap{float:left;text-align:center;line-height:1;font-size:50px}.elementor-widget-text-editor .elementor-drop-cap-letter{display:inline-block}<\/style>\t\t\t\t<p>Na tranquila cidade de Pedra Azul, cercada por vastos campos e cultivos exuberantes, Pai e Filho, Ivo Uliana e Ronan Poletto Uliana, cresceram imersos na riqueza da agricultura local. Eles testemunhavam a luta dos agricultores para enfrentar os desafios da produ\u00e7\u00e3o agr\u00edcola com equipamentos inadequados e m\u00e9todos tradicionais.<\/p><p>Com uma paix\u00e3o compartilhada pela inova\u00e7\u00e3o e um profundo respeito pelos agricultores da regi\u00e3o, Ivo e Ronan em 2020, na velha garagem de um paiol, eles estabeleceram as bases da Jophed M\u00e1quinas e Implementos Agr\u00edcolas.<\/p><p>Com poucos recursos, mas com uma determina\u00e7\u00e3o inabal\u00e1vel, eles come\u00e7aram a criar prot\u00f3tipos de m\u00e1quinas agr\u00edcolas adaptadas \u00e0s necessidades espec\u00edficas dos agricultores de Pedra Azul. Ivo e Ronan aplicaram sua expertise t\u00e9cnica para desenvolver m\u00e1quinas eficientes e estabelecendo conex\u00f5es com os agricultores locais, entendendo suas demandas e desafios.<\/p><p>Os primeiros produtos da Jophed eram simples, por\u00e9m robustos e eficazes. A qualidade e o comprometimento com a satisfa\u00e7\u00e3o do cliente rapidamente chamaram a aten\u00e7\u00e3o dos agricultores da regi\u00e3o. O boca a boca fez com que a reputa\u00e7\u00e3o da empresa se espalhasse como fogo em palha seca.<\/p><p>Impulsionados pelo sucesso inicial, Ivo e Ronan expandiram suas opera\u00e7\u00f5es, mudando-se para instala\u00e7\u00f5es maiores e investindo em tecnologia para aprimorar ainda mais seus produtos. A Jophed logo se tornou sin\u00f4nimo de confian\u00e7a e inova\u00e7\u00e3o na comunidade agr\u00edcola de Pedra Azul e arredores.<\/p><p>Atualmente, a Jophed M\u00e1quinas e Implementos Agr\u00edcolas continua a crescer, mantendo firmes seus valores originais de compromisso com a qualidade e proximidade com os agricultores. Ivo e Ronan permanecem dedicados a oferecer solu\u00e7\u00f5es eficazes que ajudem os agricultores a enfrentar os desafios modernos da agricultura, tornando-se um ponto de refer\u00eancia na ind\u00fastria agr\u00edcola de Pedra Azul e al\u00e9m.<\/p>\t\t\t\t\t\t<\/div>\n\t\t\t\t<\/div>\n\t\t\t\t<\/div>\n\t\t\t\t\t\t\t<\/div>\n\t\t","protected":false},"excerpt":{"rendered":"<p>Na tranquila cidade de Pedra Azul, cercada por vastos campos e cultivos exuberantes, Pai e Filho, Ivo Uliana e Ronan Poletto Uliana, cresceram imersos na riqueza da agricultura local. Eles testemunhavam a luta dos agricultores para enfrentar os desafios da produ\u00e7\u00e3o agr\u00edcola com equipamentos inadequados e m\u00e9todos tradicionais. Com uma paix\u00e3o compartilhada pela inova\u00e7\u00e3o e&hellip;&nbsp;<a href=\"https:\/\/jophed.com.br\/?page_id=76\" class=\"\" rel=\"bookmark\">Continue a ler &raquo;<span class=\"screen-reader-text\">Hist\u00f3ria<\/span><\/a><\/p>\n","protected":false},"author":1,"featured_media":0,"parent":0,"menu_order":0,"comment_status":"closed","ping_status":"closed","template":"page-templates\/template-pagebuilder-full-width.php","meta":{"neve_meta_sidebar":"","neve_meta_container":"","neve_meta_enable_content_width":"","neve_meta_content_width":0,"neve_meta_title_alignment":"","neve_meta_author_avatar":"","neve_post_elements_order":"","neve_meta_disable_header":"","neve_meta_disable_footer":"","neve_meta_disable_title":"","footnotes":""},"yoast_head":"<!-- This site is optimized with the Yoast SEO plugin v21.6 - https:\/\/yoast.com\/wordpress\/plugins\/seo\/ -->\n<title>Hist\u00f3ria - Jophed Maquinas e Implementos Agricolas<\/title>\n<meta name=\"robots\" content=\"index, follow, max-snippet:-1, max-image-preview:large, max-video-preview:-1\" \/>\n<link rel=\"canonical\" href=\"https:\/\/jophed.com.br\/?page_id=76\" \/>\n<meta property=\"og:locale\" content=\"pt_BR\" \/>\n<meta property=\"og:type\" content=\"article\" \/>\n<meta property=\"og:title\" content=\"Hist\u00f3ria - Jophed Maquinas e Implementos Agricolas\" \/>\n<meta property=\"og:description\" content=\"Na tranquila cidade de Pedra Azul, cercada por vastos campos e cultivos exuberantes, Pai e Filho, Ivo Uliana e Ronan Poletto Uliana, cresceram imersos na riqueza da agricultura local. Eles testemunhavam a luta dos agricultores para enfrentar os desafios da produ\u00e7\u00e3o agr\u00edcola com equipamentos inadequados e m\u00e9todos tradicionais. Com uma paix\u00e3o compartilhada pela inova\u00e7\u00e3o e&hellip;&nbsp;Continue a ler &raquo;Hist\u00f3ria\" \/>\n<meta property=\"og:url\" content=\"https:\/\/jophed.com.br\/?page_id=76\" \/>\n<meta property=\"og:site_name\" content=\"Jophed Maquinas e Implementos Agricolas\" \/>\n<meta property=\"article:modified_time\" content=\"2023-12-11T01:13:39+00:00\" \/>\n<meta name=\"twitter:card\" content=\"summary_large_image\" \/>\n<meta name=\"twitter:label1\" content=\"Est. tempo de leitura\" \/>\n\t<meta name=\"twitter:data1\" content=\"2 minutos\" \/>\n<script type=\"application\/ld+json\" class=\"yoast-schema-graph\">{\"@context\":\"https:\/\/schema.org\",\"@graph\":[{\"@type\":\"WebPage\",\"@id\":\"https:\/\/jophed.com.br\/?page_id=76\",\"url\":\"https:\/\/jophed.com.br\/?page_id=76\",\"name\":\"Hist\u00f3ria - Jophed Maquinas e Implementos Agricolas\",\"isPartOf\":{\"@id\":\"https:\/\/jophed.com.br\/#website\"},\"datePublished\":\"2023-12-11T00:12:07+00:00\",\"dateModified\":\"2023-12-11T01:13:39+00:00\",\"breadcrumb\":{\"@id\":\"https:\/\/jophed.com.br\/?page_id=76#breadcrumb\"},\"inLanguage\":\"pt-BR\",\"potentialAction\":[{\"@type\":\"ReadAction\",\"target\":[\"https:\/\/jophed.com.br\/?page_id=76\"]}]},{\"@type\":\"BreadcrumbList\",\"@id\":\"https:\/\/jophed.com.br\/?page_id=76#breadcrumb\",\"itemListElement\":[{\"@type\":\"ListItem\",\"position\":1,\"name\":\"In\u00edcio\",\"item\":\"https:\/\/jophed.com.br\/\"},{\"@type\":\"ListItem\",\"position\":2,\"name\":\"Hist\u00f3ria\"}]},{\"@type\":\"WebSite\",\"@id\":\"https:\/\/jophed.com.br\/#website\",\"url\":\"https:\/\/jophed.com.br\/\",\"name\":\"Jophed Maquinas e Implementos Agricolas\",\"description\":\"\",\"publisher\":{\"@id\":\"https:\/\/jophed.com.br\/#organization\"},\"potentialAction\":[{\"@type\":\"SearchAction\",\"target\":{\"@type\":\"EntryPoint\",\"urlTemplate\":\"https:\/\/jophed.com.br\/?s={search_term_string}\"},\"query-input\":\"required name=search_term_string\"}],\"inLanguage\":\"pt-BR\"},{\"@type\":\"Organization\",\"@id\":\"https:\/\/jophed.com.br\/#organization\",\"name\":\"Jophed Maquinas e Implementos Agricolas\",\"url\":\"https:\/\/jophed.com.br\/\",\"logo\":{\"@type\":\"ImageObject\",\"inLanguage\":\"pt-BR\",\"@id\":\"https:\/\/jophed.com.br\/#\/schema\/logo\/image\/\",\"url\":\"https:\/\/jophed.com.br\/wp-content\/uploads\/2023\/11\/cropped-Logotipo-2.png\",\"contentUrl\":\"https:\/\/jophed.com.br\/wp-content\/uploads\/2023\/11\/cropped-Logotipo-2.png\",\"width\":3544,\"height\":1013,\"caption\":\"Jophed Maquinas e Implementos Agricolas\"},\"image\":{\"@id\":\"https:\/\/jophed.com.br\/#\/schema\/logo\/image\/\"}}]}<\/script>\n<!-- \/ Yoast SEO plugin. -->","yoast_head_json":{"title":"Hist\u00f3ria - Jophed Maquinas e Implementos Agricolas","robots":{"index":"index","follow":"follow","max-snippet":"max-snippet:-1","max-image-preview":"max-image-preview:large","max-video-preview":"max-video-preview:-1"},"canonical":"https:\/\/jophed.com.br\/?page_id=76","og_locale":"pt_BR","og_type":"article","og_title":"Hist\u00f3ria - Jophed Maquinas e Implementos Agricolas","og_description":"Na tranquila cidade de Pedra Azul, cercada por vastos campos e cultivos exuberantes, Pai e Filho, Ivo Uliana e Ronan Poletto Uliana, cresceram imersos na riqueza da agricultura local. Eles testemunhavam a luta dos agricultores para enfrentar os desafios da produ\u00e7\u00e3o agr\u00edcola com equipamentos inadequados e m\u00e9todos tradicionais. Com uma paix\u00e3o compartilhada pela inova\u00e7\u00e3o e&hellip;&nbsp;Continue a ler &raquo;Hist\u00f3ria","og_url":"https:\/\/jophed.com.br\/?page_id=76","og_site_name":"Jophed Maquinas e Implementos Agricolas","article_modified_time":"2023-12-11T01:13:39+00:00","twitter_card":"summary_large_image","twitter_misc":{"Est. tempo de leitura":"2 minutos"},"schema":{"@context":"https:\/\/schema.org","@graph":[{"@type":"WebPage","@id":"https:\/\/jophed.com.br\/?page_id=76","url":"https:\/\/jophed.com.br\/?page_id=76","name":"Hist\u00f3ria - Jophed Maquinas e Implementos Agricolas","isPartOf":{"@id":"https:\/\/jophed.com.br\/#website"},"datePublished":"2023-12-11T00:12:07+00:00","dateModified":"2023-12-11T01:13:39+00:00","breadcrumb":{"@id":"https:\/\/jophed.com.br\/?page_id=76#breadcrumb"},"inLanguage":"pt-BR","potentialAction":[{"@type":"ReadAction","target":["https:\/\/jophed.com.br\/?page_id=76"]}]},{"@type":"BreadcrumbList","@id":"https:\/\/jophed.com.br\/?page_id=76#breadcrumb","itemListElement":[{"@type":"ListItem","position":1,"name":"In\u00edcio","item":"https:\/\/jophed.com.br\/"},{"@type":"ListItem","position":2,"name":"Hist\u00f3ria"}]},{"@type":"WebSite","@id":"https:\/\/jophed.com.br\/#website","url":"https:\/\/jophed.com.br\/","name":"Jophed Maquinas e Implementos Agricolas","description":"","publisher":{"@id":"https:\/\/jophed.com.br\/#organization"},"potentialAction":[{"@type":"SearchAction","target":{"@type":"EntryPoint","urlTemplate":"https:\/\/jophed.com.br\/?s={search_term_string}"},"query-input":"required name=search_term_string"}],"inLanguage":"pt-BR"},{"@type":"Organization","@id":"https:\/\/jophed.com.br\/#organization","name":"Jophed Maquinas e Implementos Agricolas","url":"https:\/\/jophed.com.br\/","logo":{"@type":"ImageObject","inLanguage":"pt-BR","@id":"https:\/\/jophed.com.br\/#\/schema\/logo\/image\/","url":"https:\/\/jophed.com.br\/wp-content\/uploads\/2023\/11\/cropped-Logotipo-2.png","contentUrl":"https:\/\/jophed.com.br\/wp-content\/uploads\/2023\/11\/cropped-Logotipo-2.png","width":3544,"height":1013,"caption":"Jophed Maquinas e Implementos Agricolas"},"image":{"@id":"https:\/\/jophed.com.br\/#\/schema\/logo\/image\/"}}]}},"_links":{"self":[{"href":"https:\/\/jophed.com.br\/index.php?rest_route=\/wp\/v2\/pages\/76"}],"collection":[{"href":"https:\/\/jophed.com.br\/index.php?rest_route=\/wp\/v2\/pages"}],"about":[{"href":"https:\/\/jophed.com.br\/index.php?rest_route=\/wp\/v2\/types\/page"}],"author":[{"embeddable":true,"href":"https:\/\/jophed.com.br\/index.php?rest_route=\/wp\/v2\/users\/1"}],"replies":[{"embeddable":true,"href":"https:\/\/jophed.com.br\/index.php?rest_route=%2Fwp%2Fv2%2Fcomments&post=76"}],"version-history":[{"count":22,"href":"https:\/\/jophed.com.br\/index.php?rest_route=\/wp\/v2\/pages\/76\/revisions"}],"predecessor-version":[{"id":142,"href":"https:\/\/jophed.com.br\/index.php?rest_route=\/wp\/v2\/pages\/76\/revisions\/142"}],"wp:attachment":[{"href":"https:\/\/jophed.com.br\/index.php?rest_route=%2Fwp%2Fv2%2Fmedia&parent=76"}],"curies":[{"name":"wp","href":"https:\/\/api.w.org\/{rel}","templated":true}]}}