{"id":73,"date":"2023-12-10T21:11:06","date_gmt":"2023-12-11T00:11:06","guid":{"rendered":"https:\/\/jophed.com.br\/?page_id=73"},"modified":"2023-12-10T22:01:32","modified_gmt":"2023-12-11T01:01:32","slug":"missao-visao-e-valores","status":"publish","type":"page","link":"https:\/\/jophed.com.br\/?page_id=73","title":{"rendered":"Miss\u00e3o, Vis\u00e3o e Valores"},"content":{"rendered":"\t\t<div data-elementor-type=\"wp-page\" data-elementor-id=\"73\" class=\"elementor elementor-73\">\n\t\t\t\t\t\t\t<div class=\"elementor-element elementor-element-8c3f3da e-flex e-con-boxed e-con e-parent\" data-id=\"8c3f3da\" data-element_type=\"container\" data-settings=\"{&quot;background_background&quot;:&quot;classic&quot;,&quot;content_width&quot;:&quot;boxed&quot;}\" data-core-v316-plus=\"true\">\n\t\t\t\t\t<div class=\"e-con-inner\">\n\t\t\t\t<div class=\"elementor-element elementor-element-922e72e exad-sticky-section-no exad-glass-effect-no jltma-glass-effect-no elementor-widget elementor-widget-text-editor\" data-id=\"922e72e\" data-element_type=\"widget\" data-widget_type=\"text-editor.default\">\n\t\t\t\t<div class=\"elementor-widget-container\">\n\t\t\t<style>\/*! elementor - v3.18.0 - 08-12-2023 *\/\n.elementor-widget-text-editor.elementor-drop-cap-view-stacked .elementor-drop-cap{background-color:#69727d;color:#fff}.elementor-widget-text-editor.elementor-drop-cap-view-framed .elementor-drop-cap{color:#69727d;border:3px solid;background-color:transparent}.elementor-widget-text-editor:not(.elementor-drop-cap-view-default) .elementor-drop-cap{margin-top:8px}.elementor-widget-text-editor:not(.elementor-drop-cap-view-default) .elementor-drop-cap-letter{width:1em;height:1em}.elementor-widget-text-editor .elementor-drop-cap{float:left;text-align:center;line-height:1;font-size:50px}.elementor-widget-text-editor .elementor-drop-cap-letter{display:inline-block}<\/style>\t\t\t\t<p><strong>Miss\u00e3o:<\/strong><br \/>&#8220;Na Jophed M\u00e1quinas e Implementos Agr\u00edcolas, nossa miss\u00e3o \u00e9 impulsionar a produtividade e a sustentabilidade na agricultura, oferecendo solu\u00e7\u00f5es inovadoras e eficientes aos agricultores. Estamos comprometidos em criar equipamentos de qualidade que maximizem os resultados e apoiem o crescimento sustent\u00e1vel das comunidades agr\u00edcolas.&#8221;<\/p><p><strong>Vis\u00e3o:<\/strong><br \/>&#8220;Nossa vis\u00e3o \u00e9 ser a principal refer\u00eancia em inova\u00e7\u00e3o e qualidade na ind\u00fastria de m\u00e1quinas e implementos agr\u00edcolas. Queremos ser reconhecidos n\u00e3o apenas pelos nossos produtos de excel\u00eancia, mas tamb\u00e9m pela nossa proximidade com os agricultores e pelo impacto positivo que geramos no setor agr\u00edcola.&#8221;<\/p><p><strong>Valores:<\/strong><\/p><ol><li><strong>Inova\u00e7\u00e3o:<\/strong> Buscamos constantemente novas maneiras de melhorar e inovar nossos produtos para atender \u00e0s necessidades em evolu\u00e7\u00e3o dos agricultores.<\/li><li><strong>Qualidade:<\/strong> Comprometemo-nos com a excel\u00eancia e a durabilidade em todos os aspectos dos nossos produtos e servi\u00e7os.<\/li><li><strong>Parceria com os Agricultores:<\/strong> Valorizamos o relacionamento pr\u00f3ximo com os agricultores, entendendo suas necessidades e trabalhando em conjunto para oferecer solu\u00e7\u00f5es eficazes.<\/li><li><strong>Sustentabilidade:<\/strong> Buscamos promover pr\u00e1ticas agr\u00edcolas sustent\u00e1veis, minimizando o impacto ambiental e contribuindo para um futuro mais verde.<\/li><li><strong>Integridade:<\/strong> Operamos com transpar\u00eancia, \u00e9tica e responsabilidade em todas as nossas intera\u00e7\u00f5es, mantendo a confian\u00e7a dos nossos clientes e parceiros.<\/li><\/ol><p>Esses elementos orientam a Jophed em suas atividades di\u00e1rias, garantindo que estejam alinhados com seus objetivos e com o compromisso de servir os agricultores e a comunidade agr\u00edcola de forma eficiente e respons\u00e1vel.<\/p>\t\t\t\t\t\t<\/div>\n\t\t\t\t<\/div>\n\t\t\t\t\t<\/div>\n\t\t\t\t<\/div>\n\t\t\t\t\t\t\t<\/div>\n\t\t","protected":false},"excerpt":{"rendered":"<p>Miss\u00e3o:&#8220;Na Jophed M\u00e1quinas e Implementos Agr\u00edcolas, nossa miss\u00e3o \u00e9 impulsionar a produtividade e a sustentabilidade na agricultura, oferecendo solu\u00e7\u00f5es inovadoras e eficientes aos agricultores. Estamos comprometidos em criar equipamentos de qualidade que maximizem os resultados e apoiem o crescimento sustent\u00e1vel das comunidades agr\u00edcolas.&#8221; Vis\u00e3o:&#8220;Nossa vis\u00e3o \u00e9 ser a principal refer\u00eancia em inova\u00e7\u00e3o e qualidade na&hellip;&nbsp;<a href=\"https:\/\/jophed.com.br\/?page_id=73\" class=\"\" rel=\"bookmark\">Continue a ler &raquo;<span class=\"screen-reader-text\">Miss\u00e3o, Vis\u00e3o e Valores<\/span><\/a><\/p>\n","protected":false},"author":1,"featured_media":0,"parent":0,"menu_order":0,"comment_status":"closed","ping_status":"closed","template":"page-templates\/template-pagebuilder-full-width.php","meta":{"neve_meta_sidebar":"","neve_meta_container":"","neve_meta_enable_content_width":"","neve_meta_content_width":0,"neve_meta_title_alignment":"","neve_meta_author_avatar":"","neve_post_elements_order":"","neve_meta_disable_header":"","neve_meta_disable_footer":"","neve_meta_disable_title":"","footnotes":""},"yoast_head":"<!-- This site is optimized with the Yoast SEO plugin v21.6 - https:\/\/yoast.com\/wordpress\/plugins\/seo\/ -->\n<title>Miss\u00e3o, Vis\u00e3o e Valores - Jophed Maquinas e Implementos Agricolas<\/title>\n<meta name=\"robots\" content=\"index, follow, max-snippet:-1, max-image-preview:large, max-video-preview:-1\" \/>\n<link rel=\"canonical\" href=\"https:\/\/jophed.com.br\/?page_id=73\" \/>\n<meta property=\"og:locale\" content=\"pt_BR\" \/>\n<meta property=\"og:type\" content=\"article\" \/>\n<meta property=\"og:title\" content=\"Miss\u00e3o, Vis\u00e3o e Valores - Jophed Maquinas e Implementos Agricolas\" \/>\n<meta property=\"og:description\" content=\"Miss\u00e3o:&#8220;Na Jophed M\u00e1quinas e Implementos Agr\u00edcolas, nossa miss\u00e3o \u00e9 impulsionar a produtividade e a sustentabilidade na agricultura, oferecendo solu\u00e7\u00f5es inovadoras e eficientes aos agricultores. Estamos comprometidos em criar equipamentos de qualidade que maximizem os resultados e apoiem o crescimento sustent\u00e1vel das comunidades agr\u00edcolas.&#8221; Vis\u00e3o:&#8220;Nossa vis\u00e3o \u00e9 ser a principal refer\u00eancia em inova\u00e7\u00e3o e qualidade na&hellip;&nbsp;Continue a ler &raquo;Miss\u00e3o, Vis\u00e3o e Valores\" \/>\n<meta property=\"og:url\" content=\"https:\/\/jophed.com.br\/?page_id=73\" \/>\n<meta property=\"og:site_name\" content=\"Jophed Maquinas e Implementos Agricolas\" \/>\n<meta property=\"article:modified_time\" content=\"2023-12-11T01:01:32+00:00\" \/>\n<meta name=\"twitter:card\" content=\"summary_large_image\" \/>\n<meta name=\"twitter:label1\" content=\"Est. tempo de leitura\" \/>\n\t<meta name=\"twitter:data1\" content=\"2 minutos\" \/>\n<script type=\"application\/ld+json\" class=\"yoast-schema-graph\">{\"@context\":\"https:\/\/schema.org\",\"@graph\":[{\"@type\":\"WebPage\",\"@id\":\"https:\/\/jophed.com.br\/?page_id=73\",\"url\":\"https:\/\/jophed.com.br\/?page_id=73\",\"name\":\"Miss\u00e3o, Vis\u00e3o e Valores - Jophed Maquinas e Implementos Agricolas\",\"isPartOf\":{\"@id\":\"https:\/\/jophed.com.br\/#website\"},\"datePublished\":\"2023-12-11T00:11:06+00:00\",\"dateModified\":\"2023-12-11T01:01:32+00:00\",\"breadcrumb\":{\"@id\":\"https:\/\/jophed.com.br\/?page_id=73#breadcrumb\"},\"inLanguage\":\"pt-BR\",\"potentialAction\":[{\"@type\":\"ReadAction\",\"target\":[\"https:\/\/jophed.com.br\/?page_id=73\"]}]},{\"@type\":\"BreadcrumbList\",\"@id\":\"https:\/\/jophed.com.br\/?page_id=73#breadcrumb\",\"itemListElement\":[{\"@type\":\"ListItem\",\"position\":1,\"name\":\"In\u00edcio\",\"item\":\"https:\/\/jophed.com.br\/\"},{\"@type\":\"ListItem\",\"position\":2,\"name\":\"Miss\u00e3o, Vis\u00e3o e Valores\"}]},{\"@type\":\"WebSite\",\"@id\":\"https:\/\/jophed.com.br\/#website\",\"url\":\"https:\/\/jophed.com.br\/\",\"name\":\"Jophed Maquinas e Implementos Agricolas\",\"description\":\"\",\"publisher\":{\"@id\":\"https:\/\/jophed.com.br\/#organization\"},\"potentialAction\":[{\"@type\":\"SearchAction\",\"target\":{\"@type\":\"EntryPoint\",\"urlTemplate\":\"https:\/\/jophed.com.br\/?s={search_term_string}\"},\"query-input\":\"required name=search_term_string\"}],\"inLanguage\":\"pt-BR\"},{\"@type\":\"Organization\",\"@id\":\"https:\/\/jophed.com.br\/#organization\",\"name\":\"Jophed Maquinas e Implementos Agricolas\",\"url\":\"https:\/\/jophed.com.br\/\",\"logo\":{\"@type\":\"ImageObject\",\"inLanguage\":\"pt-BR\",\"@id\":\"https:\/\/jophed.com.br\/#\/schema\/logo\/image\/\",\"url\":\"https:\/\/jophed.com.br\/wp-content\/uploads\/2023\/11\/cropped-Logotipo-2.png\",\"contentUrl\":\"https:\/\/jophed.com.br\/wp-content\/uploads\/2023\/11\/cropped-Logotipo-2.png\",\"width\":3544,\"height\":1013,\"caption\":\"Jophed Maquinas e Implementos Agricolas\"},\"image\":{\"@id\":\"https:\/\/jophed.com.br\/#\/schema\/logo\/image\/\"}}]}<\/script>\n<!-- \/ Yoast SEO plugin. -->","yoast_head_json":{"title":"Miss\u00e3o, Vis\u00e3o e Valores - Jophed Maquinas e Implementos Agricolas","robots":{"index":"index","follow":"follow","max-snippet":"max-snippet:-1","max-image-preview":"max-image-preview:large","max-video-preview":"max-video-preview:-1"},"canonical":"https:\/\/jophed.com.br\/?page_id=73","og_locale":"pt_BR","og_type":"article","og_title":"Miss\u00e3o, Vis\u00e3o e Valores - Jophed Maquinas e Implementos Agricolas","og_description":"Miss\u00e3o:&#8220;Na Jophed M\u00e1quinas e Implementos Agr\u00edcolas, nossa miss\u00e3o \u00e9 impulsionar a produtividade e a sustentabilidade na agricultura, oferecendo solu\u00e7\u00f5es inovadoras e eficientes aos agricultores. Estamos comprometidos em criar equipamentos de qualidade que maximizem os resultados e apoiem o crescimento sustent\u00e1vel das comunidades agr\u00edcolas.&#8221; Vis\u00e3o:&#8220;Nossa vis\u00e3o \u00e9 ser a principal refer\u00eancia em inova\u00e7\u00e3o e qualidade na&hellip;&nbsp;Continue a ler &raquo;Miss\u00e3o, Vis\u00e3o e Valores","og_url":"https:\/\/jophed.com.br\/?page_id=73","og_site_name":"Jophed Maquinas e Implementos Agricolas","article_modified_time":"2023-12-11T01:01:32+00:00","twitter_card":"summary_large_image","twitter_misc":{"Est. tempo de leitura":"2 minutos"},"schema":{"@context":"https:\/\/schema.org","@graph":[{"@type":"WebPage","@id":"https:\/\/jophed.com.br\/?page_id=73","url":"https:\/\/jophed.com.br\/?page_id=73","name":"Miss\u00e3o, Vis\u00e3o e Valores - Jophed Maquinas e Implementos Agricolas","isPartOf":{"@id":"https:\/\/jophed.com.br\/#website"},"datePublished":"2023-12-11T00:11:06+00:00","dateModified":"2023-12-11T01:01:32+00:00","breadcrumb":{"@id":"https:\/\/jophed.com.br\/?page_id=73#breadcrumb"},"inLanguage":"pt-BR","potentialAction":[{"@type":"ReadAction","target":["https:\/\/jophed.com.br\/?page_id=73"]}]},{"@type":"BreadcrumbList","@id":"https:\/\/jophed.com.br\/?page_id=73#breadcrumb","itemListElement":[{"@type":"ListItem","position":1,"name":"In\u00edcio","item":"https:\/\/jophed.com.br\/"},{"@type":"ListItem","position":2,"name":"Miss\u00e3o, Vis\u00e3o e Valores"}]},{"@type":"WebSite","@id":"https:\/\/jophed.com.br\/#website","url":"https:\/\/jophed.com.br\/","name":"Jophed Maquinas e Implementos Agricolas","description":"","publisher":{"@id":"https:\/\/jophed.com.br\/#organization"},"potentialAction":[{"@type":"SearchAction","target":{"@type":"EntryPoint","urlTemplate":"https:\/\/jophed.com.br\/?s={search_term_string}"},"query-input":"required name=search_term_string"}],"inLanguage":"pt-BR"},{"@type":"Organization","@id":"https:\/\/jophed.com.br\/#organization","name":"Jophed Maquinas e Implementos Agricolas","url":"https:\/\/jophed.com.br\/","logo":{"@type":"ImageObject","inLanguage":"pt-BR","@id":"https:\/\/jophed.com.br\/#\/schema\/logo\/image\/","url":"https:\/\/jophed.com.br\/wp-content\/uploads\/2023\/11\/cropped-Logotipo-2.png","contentUrl":"https:\/\/jophed.com.br\/wp-content\/uploads\/2023\/11\/cropped-Logotipo-2.png","width":3544,"height":1013,"caption":"Jophed Maquinas e Implementos Agricolas"},"image":{"@id":"https:\/\/jophed.com.br\/#\/schema\/logo\/image\/"}}]}},"_links":{"self":[{"href":"https:\/\/jophed.com.br\/index.php?rest_route=\/wp\/v2\/pages\/73"}],"collection":[{"href":"https:\/\/jophed.com.br\/index.php?rest_route=\/wp\/v2\/pages"}],"about":[{"href":"https:\/\/jophed.com.br\/index.php?rest_route=\/wp\/v2\/types\/page"}],"author":[{"embeddable":true,"href":"https:\/\/jophed.com.br\/index.php?rest_route=\/wp\/v2\/users\/1"}],"replies":[{"embeddable":true,"href":"https:\/\/jophed.com.br\/index.php?rest_route=%2Fwp%2Fv2%2Fcomments&post=73"}],"version-history":[{"count":7,"href":"https:\/\/jophed.com.br\/index.php?rest_route=\/wp\/v2\/pages\/73\/revisions"}],"predecessor-version":[{"id":126,"href":"https:\/\/jophed.com.br\/index.php?rest_route=\/wp\/v2\/pages\/73\/revisions\/126"}],"wp:attachment":[{"href":"https:\/\/jophed.com.br\/index.php?rest_route=%2Fwp%2Fv2%2Fmedia&parent=73"}],"curies":[{"name":"wp","href":"https:\/\/api.w.org\/{rel}","templated":true}]}}